{"id":3950,"date":"2018-11-22T11:48:49","date_gmt":"2018-11-22T11:48:49","guid":{"rendered":"http:\/\/tzmining.cl\/index.php\/productos-copy\/"},"modified":"2019-12-18T16:22:17","modified_gmt":"2019-12-18T16:22:17","slug":"testimonio","status":"publish","type":"page","link":"https:\/\/tzmining.cl\/index.php\/testimonio\/","title":{"rendered":"Testimonio"},"content":{"rendered":"[vc_row css=&#8221;.vc_custom_1542888292600{padding-top: 10px !important;padding-bottom: 40px !important;}&#8221;][vc_column]<div class='cws_textmodule cws_vc_shortcode_module' id='cws_textmodule_69e37d7d10214'><div class='cws_textmodule_wrapper '><div class='cws_textmodule_text text_align_left'><div class='cws_textmodule_titles display_block'><h4 class='cws_textmodule_subtitle'>Testimonio<\/h4><h3 class='cws_textmodule_title'>TZ Mining en Compa\u00f1\u00eda Minera Cerro Colorado<\/h3><\/div><div class='cws_textmodule_content'><div class='text_content_wrapper'><p>Primera instalaci\u00f3n y puesta en marcha de pala<\/p>\n<\/div><\/div><\/div><\/div><\/div>[\/vc_column][\/vc_row][vc_row][vc_column width=&#8221;1\/2&#8243;][vc_video link=&#8221;https:\/\/youtu.be\/eQymz-dGQgY&#8221; align=&#8221;center&#8221;][\/vc_column][vc_column width=&#8221;1\/2&#8243;][vc_images_carousel images=&#8221;4001,4002&#8243; img_size=&#8221;full&#8221; speed=&#8221;3000&#8243; autoplay=&#8221;yes&#8221; wrap=&#8221;yes&#8221;][\/vc_column][\/vc_row][vc_row full_width=&#8221;stretch_row&#8221; disable_element=&#8221;yes&#8221; css=&#8221;.vc_custom_1542817635588{border-top-width: 1px !important;background-color: rgba(39,50,114,0.07) !important;*background-color: rgb(39,50,114) !important;border-top-color: #dee0e9 !important;border-top-style: solid !important;}&#8221;][vc_column][vc_row_inner css=&#8221;.vc_custom_1528185842514{margin-top: 0px !important;}&#8221;][vc_column_inner width=&#8221;1\/3&#8243; css=&#8221;.vc_custom_1528180560029{padding-right: 0px !important;padding-left: 0px !important;}&#8221;]<div id='cws_service_item_69e37d7d103d5' class='cws_service_item cws_vc_shortcode_module title_beside side_divider a-center add_hover  vc_custom_1542811258707'><div class='cws_service_item_wrapper clearfix'><span class='cws_searvice_icon_wrapper cws_searvice_side'><i class='cws_service_icon cws_vc_shortcode_icon_3\u0445 flaticon-productivity'><\/i><\/span><div class='cws_service_info'><h6 class='cws_service_title'>Programa de intercambio de componente<\/h6><\/div><\/div><\/div>[\/vc_column_inner][vc_column_inner width=&#8221;1\/3&#8243; css=&#8221;.vc_custom_1528180565268{padding-right: 0px !important;padding-left: 0px !important;}&#8221;]<div id='cws_service_item_69e37d7d105b0' class='cws_service_item cws_vc_shortcode_module title_beside side_divider a-center add_hover  vc_custom_1542811272408'><div class='cws_service_item_wrapper clearfix'><span class='cws_searvice_icon_wrapper cws_searvice_side'><i class='cws_service_icon cws_vc_shortcode_icon_3\u0445 flaticon-productivity'><\/i><\/span><div class='cws_service_info'><h6 class='cws_service_title'>Gesti\u00f3n del ciclo de vida \u00fatil<\/h6><\/div><\/div><\/div>[\/vc_column_inner][vc_column_inner width=&#8221;1\/3&#8243; css=&#8221;.vc_custom_1533708427897{padding-right: 0px !important;padding-left: 0px !important;}&#8221;]<div id='cws_service_item_69e37d7d106e9' class='cws_service_item cws_vc_shortcode_module title_beside side_divider a-center add_hover  vc_custom_1542811221080'><div class='cws_service_item_wrapper clearfix'><span class='cws_searvice_icon_wrapper cws_searvice_side'><i class='cws_service_icon cws_vc_shortcode_icon_3\u0445 flaticon-productivity'><\/i><\/span><div class='cws_service_info'><h6 class='cws_service_title'>Montaje y reconstrucciones de m\u00e1quinas<\/h6><\/div><\/div><\/div>[\/vc_column_inner][\/vc_row_inner][vc_row_inner css=&#8221;.vc_custom_1528185842514{margin-top: 0px !important;}&#8221;][vc_column_inner width=&#8221;1\/3&#8243; css=&#8221;.vc_custom_1528180560029{padding-right: 0px !important;padding-left: 0px !important;}&#8221;]<div id='cws_service_item_69e37d7d10893' class='cws_service_item cws_vc_shortcode_module title_beside side_divider a-center add_hover  vc_custom_1542811297532'><div class='cws_service_item_wrapper clearfix'><span class='cws_searvice_icon_wrapper cws_searvice_side'><i class='cws_service_icon cws_vc_shortcode_icon_3\u0445 flaticon-productivity'><\/i><\/span><div class='cws_service_info'><h6 class='cws_service_title'>Pron\u00f3sticos y monitoreo del estado<\/h6><\/div><\/div><\/div>[\/vc_column_inner][vc_column_inner width=&#8221;1\/3&#8243; css=&#8221;.vc_custom_1528180565268{padding-right: 0px !important;padding-left: 0px !important;}&#8221;]<div id='cws_service_item_69e37d7d109b9' class='cws_service_item cws_vc_shortcode_module title_beside side_divider a-center add_hover  vc_custom_1542811323702'><div class='cws_service_item_wrapper clearfix'><span class='cws_searvice_icon_wrapper cws_searvice_side'><i class='cws_service_icon cws_vc_shortcode_icon_3\u0445 flaticon-productivity'><\/i><\/span><div class='cws_service_info'><h6 class='cws_service_title'>Servicios t\u00e9cnicos y en terreno<\/h6><\/div><\/div><\/div>[\/vc_column_inner][vc_column_inner width=&#8221;1\/3&#8243; css=&#8221;.vc_custom_1533708427897{padding-right: 0px !important;padding-left: 0px !important;}&#8221;]<div id='cws_service_item_69e37d7d10ac7' class='cws_service_item cws_vc_shortcode_module title_beside side_divider a-center add_hover  vc_custom_1542811376605'><div class='cws_service_item_wrapper clearfix'><span class='cws_searvice_icon_wrapper cws_searvice_side'><i class='cws_service_icon cws_vc_shortcode_icon_3\u0445 flaticon-productivity'><\/i><\/span><div class='cws_service_info'><h6 class='cws_service_title'>Reparaci\u00f3n de Baldes y Componentes mayores.<\/h6><\/div><\/div><\/div>[\/vc_column_inner][\/vc_row_inner][\/vc_column][\/vc_row][vc_row full_width=&#8221;stretch_row&#8221; equal_height=&#8221;yes&#8221; disable_element=&#8221;yes&#8221; css=&#8221;.vc_custom_1542888040127{padding-top: 100px !important;padding-bottom: 100px !important;}&#8221;][vc_column width=&#8221;1\/2&#8243; cws_mobile_paddings=&#8221;40px 0px 0px 20px&#8221; css=&#8221;.vc_custom_1533901088180{padding-top: 1px !important;padding-right: 40px !important;}&#8221;]<div class='cws_textmodule cws_vc_shortcode_module' id='cws_textmodule_69e37d7d10cf9'><div class='cws_textmodule_wrapper add_divider'><div class='cws_textmodule_text text_align_left'><div class='cws_textmodule_titles display_block'><h3 class='cws_textmodule_title'>Miner\u00eda <strong>de superficie<\/strong><\/h3><\/div><div class='cws_textmodule_content'><div class='text_content_wrapper'><p>&#8211; Perforadoras<\/p>\n<p>&#8211; Palas el\u00e9ctricas de cable<\/p>\n<p>&#8211; Excavadoras hidr\u00e1ulicas<\/p>\n<\/div><\/div><\/div><\/div><\/div>[\/vc_column][vc_column width=&#8221;1\/2&#8243; bg_cws_repeat=&#8221;no-repeat&#8221; bg_cws_size=&#8221;cover&#8221; bg_image_position=&#8221;center_center&#8221; bg_cws_color=&#8221;color&#8221; cws_overlay_color=&#8221;rgba(51,83,134,0.5)&#8221; place_ahead=&#8221;1&#8243; cws_mobile_paddings=&#8221;300px 0px 0px 0px&#8221; css=&#8221;.vc_custom_1542817746936{background-image: url(https:\/\/tzmining.cl\/wp-content\/uploads\/2018\/10\/s340280534.jpg?id=3763) !important;}&#8221;][\/vc_column][\/vc_row][vc_row disable_element=&#8221;yes&#8221; css=&#8221;.vc_custom_1542817879873{padding-top: 90px !important;padding-bottom: 130px !important;}&#8221;][vc_column width=&#8221;1\/2&#8243; css=&#8221;.vc_custom_1528355294133{padding-right: 100px !important;}&#8221;]<div class='cws_textmodule cws_vc_shortcode_module' id='cws_textmodule_69e37d7d10e1b'><div class='cws_textmodule_wrapper add_divider'><div class='cws_textmodule_text text_align_left'><div class='cws_textmodule_titles display_block'><h3 class='cws_textmodule_title'><strong>TZmining ofrece:<\/strong><\/h3><\/div><div class='cws_textmodule_content'><div class='text_content_wrapper'><p>Apoyo concreto y monitoreo de confiabilidad de los equipos de mina en el \u00e1rea de producci\u00f3n.<\/p>\n<\/div><\/div><\/div><\/div><\/div>[\/vc_column][vc_column width=&#8221;1\/2&#8243;][vc_row_inner][vc_column_inner offset=&#8221;vc_col-lg-6 vc_col-md-12&#8243; css=&#8221;.vc_custom_1533804730532{margin-left: 0px !important;padding-left: 0px !important;}&#8221;]<div id='cws_service_item_69e37d7d10f58' class='cws_service_item cws_vc_shortcode_module title_beside animate_divider a-left add_hover  vc_custom_1542813028760'><a href='#' class='cws_service_item_wrapper clearfix'><span class='cws_searvice_icon_wrapper cws_searvice_side'><i class='cws_service_icon cws_vc_shortcode_icon_3\u0445 flaticon-welder'><\/i><\/span><div class='cws_service_info'><h6 class='cws_service_title'>Toma de vibraciones<\/h6><\/div><\/a><\/div>[\/vc_column_inner][vc_column_inner offset=&#8221;vc_col-lg-6 vc_col-md-12&#8243;]<div id='cws_service_item_69e37d7d110a9' class='cws_service_item cws_vc_shortcode_module title_beside animate_divider a-left add_hover  vc_custom_1542813117334'><a href='#' class='cws_service_item_wrapper clearfix'><span class='cws_searvice_icon_wrapper cws_searvice_side'><i class='cws_service_icon cws_vc_shortcode_icon_3\u0445 flaticon-welder'><\/i><\/span><div class='cws_service_info'><h6 class='cws_service_title'>Termograf\u00eda<\/h6><\/div><\/a><\/div>[\/vc_column_inner][\/vc_row_inner][vc_row_inner][vc_column_inner offset=&#8221;vc_col-lg-6 vc_col-md-12&#8243; css=&#8221;.vc_custom_1533804730532{margin-left: 0px !important;padding-left: 0px !important;}&#8221;]<div id='cws_service_item_69e37d7d111bd' class='cws_service_item cws_vc_shortcode_module title_beside animate_divider a-left add_hover  vc_custom_1542813139423'><a href='#' class='cws_service_item_wrapper clearfix'><span class='cws_searvice_icon_wrapper cws_searvice_side'><i class='cws_service_icon cws_vc_shortcode_icon_3\u0445 flaticon-welder'><\/i><\/span><div class='cws_service_info'><h6 class='cws_service_title'>Monitoreo y chequeo de motores el\u00e9ctricos<\/h6><\/div><\/a><\/div>[\/vc_column_inner][vc_column_inner offset=&#8221;vc_col-lg-6 vc_col-md-12&#8243;]<div id='cws_service_item_69e37d7d112e9' class='cws_service_item cws_vc_shortcode_module title_beside animate_divider a-left add_hover  vc_custom_1542813068468'><a href='#' class='cws_service_item_wrapper clearfix'><span class='cws_searvice_icon_wrapper cws_searvice_side'><i class='cws_service_icon cws_vc_shortcode_icon_3\u0445 flaticon-welder'><\/i><\/span><div class='cws_service_info'><h6 class='cws_service_title'>Servicio de alineamiento de componentes en general<\/h6><\/div><\/a><\/div>[\/vc_column_inner][\/vc_row_inner][vc_row_inner][vc_column_inner offset=&#8221;vc_col-lg-6 vc_col-md-12&#8243; css=&#8221;.vc_custom_1533804730532{margin-left: 0px !important;padding-left: 0px !important;}&#8221;]<div id='cws_service_item_69e37d7d113f8' class='cws_service_item cws_vc_shortcode_module title_beside animate_divider a-left add_hover  vc_custom_1542813161117'><a href='#' class='cws_service_item_wrapper clearfix'><span class='cws_searvice_icon_wrapper cws_searvice_side'><i class='cws_service_icon cws_vc_shortcode_icon_3\u0445 flaticon-welder'><\/i><\/span><div class='cws_service_info'><h6 class='cws_service_title'>Ultra sonido a componentes<\/h6><\/div><\/a><\/div>[\/vc_column_inner][vc_column_inner offset=&#8221;vc_col-lg-6 vc_col-md-12&#8243;]<div id='cws_service_item_69e37d7d11517' class='cws_service_item cws_vc_shortcode_module title_beside animate_divider a-left add_hover  vc_custom_1542813179653'><a href='#' class='cws_service_item_wrapper clearfix'><span class='cws_searvice_icon_wrapper cws_searvice_side'><i class='cws_service_icon cws_vc_shortcode_icon_3\u0445 flaticon-welder'><\/i><\/span><div class='cws_service_info'><h6 class='cws_service_title'>Auditor\u00edas mec\u00e1nicas<\/h6><\/div><\/a><\/div>[\/vc_column_inner][\/vc_row_inner][\/vc_column][\/vc_row][vc_row full_width=&#8221;stretch_row_content&#8221; disable_element=&#8221;yes&#8221; bg_cws_repeat=&#8221;no-repeat&#8221; bg_cws_size=&#8221;cover&#8221; bg_image_position=&#8221;center_center&#8221;][vc_column][vc_row_inner][vc_column_inner inner_col_bg_repeat=&#8221;no-repeat&#8221; inner_col_bg_size=&#8221;cover&#8221; inner_col_bg_position=&#8221;center_center&#8221; css=&#8221;.vc_custom_1533624023841{margin-bottom: -1px !important;padding-top: 300px !important;background-image: url(https:\/\/tzmining.cl\/wp-content\/uploads\/2018\/08\/Fotolia_50975414_Subscription_XL.jpg?id=2449) !important;}&#8221; offset=&#8221;vc_hidden-lg vc_hidden-md&#8221;][\/vc_column_inner][\/vc_row_inner][vc_row_inner disable_element=&#8221;yes&#8221; css=&#8221;.vc_custom_1542811994280{background-image: url(https:\/\/tzmining.cl\/wp-content\/uploads\/2018\/08\/s190379054-360.jpg?id=2553) !important;}&#8221;][vc_column_inner offset=&#8221;vc_col-md-8&#8243; css=&#8221;.vc_custom_1531830468374{padding-top: 0px !important;padding-bottom: 0px !important;}&#8221;][\/vc_column_inner][vc_column_inner offset=&#8221;vc_col-md-4&#8243; css=&#8221;.vc_custom_1534310053280{padding-top: 10px !important;padding-bottom: 10px !important;background-color: rgba(0,0,0,0.8) !important;*background-color: rgb(0,0,0) !important;}&#8221;]<div class=\"cws_spacing cws_spacing_size_sm_desctop-on cws_spacing_tablet-on cws_spacing_mobile-on\"><div class=\"cws_spacing cws_spacing_default\" style=\"height:60px;\"><\/div> <div class=\"cws_spacing cws_spacing_size_sm_desctop\" style=\"height:60px;\"><\/div> <div class=\"cws_spacing cws_spacing_tablet\" style=\"height:50px;\"><\/div> <div class=\"cws_spacing cws_spacing_mobile\" style=\"height:20px;\"><\/div><\/div><div class='cws_textmodule cws_vc_shortcode_module  vc_custom_1539157355832' id='cws_textmodule_69e37d7d1160d'><div class='cws_textmodule_wrapper add_divider'><div class='cws_textmodule_text text_align_left'><div class='cws_textmodule_titles display_block'><h4 class='cws_textmodule_subtitle'>How We<\/h4><h3 class='cws_textmodule_title'>Work<\/h3><\/div><\/div><\/div><\/div><div id='cws_vc_shortcode_carousel_69e37d7d1168e'  class='cws_vc_shortcode_sc_carousel cws_sc_carousel cws_vc_shortcode_module arrows_bottom_left arrows_nav' data-columns='1'><div class='cws_vc_shortcode_sc_carousel_header clearfix'><div class='carousel_nav_panel'><span class='prev'><\/span><span class='next'><\/span><\/div><\/div><div class='cws_vc_shortcode_wrapper cws_wrapper'><div id='cws_service_item_69e37d7d1183a' class='cws_service_item cws_vc_shortcode_module title_beside a-left  vc_custom_1538142538541'><div class='cws_service_item_wrapper clearfix'><span class='cws_searvice_icon_wrapper cws_searvice_side'>Missing SVG Icon. Please install.<\/span><div class='cws_service_info'><div class='cws_service_desc clearfix'><p>Suspendisse tempus, enim at convallis maximus, ex ante faucibus lorem, at rhoncus justo tellus at eros. Vivamus at scelerisque neque.<\/p>\n<\/div><\/div><div class='cws_custom_button_wrapper simple first_color_scheme'><span><a href='#' class='cws_custom_button'>OUR PHILOSOPHY<\/a><\/span><\/div><\/div><\/div><div id='cws_service_item_69e37d7d11aa7' class='cws_service_item cws_vc_shortcode_module title_beside a-left  vc_custom_1538142547701'><div class='cws_service_item_wrapper clearfix'><span class='cws_searvice_icon_wrapper cws_searvice_side'>Missing SVG Icon. Please install.<\/span><div class='cws_service_info'><div class='cws_service_desc clearfix'><p>Accumsan sed pede nec nisi sodales, adipiscing odio primis pharetra, dictumst nisl posuere magnis nibh, gravida id sed sed massa libero<\/p>\n<\/div><\/div><div class='cws_custom_button_wrapper simple first_color_scheme'><span><a href='#' class='cws_custom_button'>OUR PHILOSOPHY<\/a><\/span><\/div><\/div><\/div><div id='cws_service_item_69e37d7d11c61' class='cws_service_item cws_vc_shortcode_module title_beside a-left  vc_custom_1538142561893'><div class='cws_service_item_wrapper clearfix'><span class='cws_searvice_icon_wrapper cws_searvice_side'>Missing SVG Icon. Please install.<\/span><div class='cws_service_info'><div class='cws_service_desc clearfix'><p>Tempor posuere integer duis amet, dolor volutpat, arcu morbi, quam malesuada taciti maecenas commodo nulla quis.\u00a0Quam malesuada taciti.<\/p>\n<\/div><\/div><div class='cws_custom_button_wrapper simple first_color_scheme'><span><a href='#' class='cws_custom_button'>OUR PHILOSOPHY<\/a><\/span><\/div><\/div><\/div><\/div><\/div>[\/vc_column_inner][\/vc_row_inner][\/vc_column][\/vc_row][vc_row full_width=&#8221;stretch_row&#8221; equal_height=&#8221;yes&#8221; bg_cws_repeat=&#8221;no-repeat&#8221; bg_cws_size=&#8221;cover&#8221; bg_image_position=&#8221;center_bottom&#8221; bg_cws_color=&#8221;color&#8221; cws_overlay_color=&#8221;rgba(0,0,0,0.6)&#8221; css=&#8221;.vc_custom_1534165263662{padding-top: 60px !important;padding-bottom: 80px !important;background-image: url(https:\/\/tzmining.cl\/wp-content\/uploads\/2018\/08\/gray_51437565.jpg?id=2513) !important;}&#8221;][vc_column]<div class='cws_textmodule cws_vc_shortcode_module' id='cws_textmodule_69e37d7d11dec'><div class='cws_textmodule_wrapper '><div class='cws_textmodule_text text_align_center'><div class='cws_textmodule_titles display_block'><h4 class='cws_textmodule_subtitle'>\u00bfNECESITA M\u00c1S DETALLES?<\/h4><\/div><div class='cws_textmodule_content'><div class='text_content_wrapper'><p>Estamos aqu\u00ed para ayudar. P\u00f3ngase en contacto con nosotros por tel\u00e9fono, correo electr\u00f3nico o a trav\u00e9s de nuestros canales de medios sociales.<\/p>\n<\/div><\/div><\/div><\/div><\/div><div class='sc_button_wrapper align-center mobile-align-center'><div id='cws_vc_shortcode_button_69e37d7d11eba' class='cws_custom_button_wrapper cws_sc_button large advanced'><span><a href='\/index.php\/contacto' class='cws_custom_button'><span>CONTACTO<\/span><\/a><\/span><\/div><\/div>[\/vc_column][\/vc_row]\n","protected":false},"excerpt":{"rendered":"<p>[vc_row css=&#8221;.vc_custom_1542888292600{padding-top: 10px !important;padding-bottom: 40px !important;}&#8221;][vc_column][\/vc_column][\/vc_row][vc_row][vc_column width=&#8221;1\/2&#8243;][vc_video link=&#8221;https:\/\/youtu.be\/eQymz-dGQgY&#8221; align=&#8221;center&#8221;][\/vc_column][vc_column width=&#8221;1\/2&#8243;][vc_images_carousel images=&#8221;4001,4002&#8243; img_size=&#8221;full&#8221; speed=&#8221;3000&#8243; autoplay=&#8221;yes&#8221; wrap=&#8221;yes&#8221;][\/vc_column][\/vc_row][vc_row full_width=&#8221;stretch_row&#8221; disable_element=&#8221;yes&#8221; css=&#8221;.vc_custom_1542817635588{border-top-width: 1px !important;background-color: rgba(39,50,114,0.07) !important;*background-color: rgb(39,50,114) !important;border-top-color: #dee0e9 !important;border-top-style: solid !important;}&#8221;][vc_column][vc_row_inner css=&#8221;.vc_custom_1528185842514{margin-top: 0px !important;}&#8221;][vc_column_inner width=&#8221;1\/3&#8243; css=&#8221;.vc_custom_1528180560029{padding-right: 0px !important;padding-left: 0px !important;}&#8221;][\/vc_column_inner][vc_column_inner width=&#8221;1\/3&#8243; css=&#8221;.vc_custom_1528180565268{padding-right: 0px !important;padding-left: 0px !important;}&#8221;][\/vc_column_inner][vc_column_inner width=&#8221;1\/3&#8243; css=&#8221;.vc_custom_1533708427897{padding-right: 0px !important;padding-left: 0px !important;}&#8221;][\/vc_column_inner][\/vc_row_inner][vc_row_inner css=&#8221;.vc_custom_1528185842514{margin-top: 0px !important;}&#8221;][vc_column_inner width=&#8221;1\/3&#8243; css=&#8221;.vc_custom_1528180560029{padding-right: 0px !important;padding-left: 0px !important;}&#8221;][\/vc_column_inner][vc_column_inner width=&#8221;1\/3&#8243; css=&#8221;.vc_custom_1528180565268{padding-right: 0px !important;padding-left: 0px !important;}&#8221;][\/vc_column_inner][vc_column_inner width=&#8221;1\/3&#8243; css=&#8221;.vc_custom_1533708427897{padding-right: 0px !important;padding-left: 0px !important;}&#8221;][\/vc_column_inner][\/vc_row_inner][\/vc_column][\/vc_row][vc_row full_width=&#8221;stretch_row&#8221; equal_height=&#8221;yes&#8221; disable_element=&#8221;yes&#8221; css=&#8221;.vc_custom_1542888040127{padding-top: 100px !important;padding-bottom: 100px !important;}&#8221;][vc_column width=&#8221;1\/2&#8243; cws_mobile_paddings=&#8221;40px 0px 0px 20px&#8221; css=&#8221;.vc_custom_1533901088180{padding-top: 1px !important;padding-right: 40px !important;}&#8221;][\/vc_column][vc_column width=&#8221;1\/2&#8243; bg_cws_repeat=&#8221;no-repeat&#8221; bg_cws_size=&#8221;cover&#8221; bg_image_position=&#8221;center_center&#8221; bg_cws_color=&#8221;color&#8221; cws_overlay_color=&#8221;rgba(51,83,134,0.5)&#8221; place_ahead=&#8221;1&#8243; cws_mobile_paddings=&#8221;300px 0px 0px 0px&#8221; css=&#8221;.vc_custom_1542817746936{background-image: url(https:\/\/tzmining.cl\/wp-content\/uploads\/2018\/10\/s340280534.jpg?id=3763) !important;}&#8221;][\/vc_column][\/vc_row][vc_row disable_element=&#8221;yes&#8221; css=&#8221;.vc_custom_1542817879873{padding-top: 90px !important;padding-bottom: 130px !important;}&#8221;][vc_column width=&#8221;1\/2&#8243; css=&#8221;.vc_custom_1528355294133{padding-right: 100px !important;}&#8221;][\/vc_column][vc_column width=&#8221;1\/2&#8243;][vc_row_inner][vc_column_inner offset=&#8221;vc_col-lg-6 vc_col-md-12&#8243; css=&#8221;.vc_custom_1533804730532{margin-left: 0px !important;padding-left: 0px !important;}&#8221;][\/vc_column_inner][vc_column_inner offset=&#8221;vc_col-lg-6 vc_col-md-12&#8243;][\/vc_column_inner][\/vc_row_inner][vc_row_inner][vc_column_inner offset=&#8221;vc_col-lg-6 vc_col-md-12&#8243; css=&#8221;.vc_custom_1533804730532{margin-left: 0px !important;padding-left: 0px !important;}&#8221;][\/vc_column_inner][vc_column_inner offset=&#8221;vc_col-lg-6 vc_col-md-12&#8243;][\/vc_column_inner][\/vc_row_inner][vc_row_inner][vc_column_inner offset=&#8221;vc_col-lg-6 vc_col-md-12&#8243; css=&#8221;.vc_custom_1533804730532{margin-left: 0px !important;padding-left: 0px !important;}&#8221;][\/vc_column_inner][vc_column_inner offset=&#8221;vc_col-lg-6 vc_col-md-12&#8243;][\/vc_column_inner][\/vc_row_inner][\/vc_column][\/vc_row][vc_row full_width=&#8221;stretch_row_content&#8221; disable_element=&#8221;yes&#8221; bg_cws_repeat=&#8221;no-repeat&#8221; bg_cws_size=&#8221;cover&#8221; bg_image_position=&#8221;center_center&#8221;][vc_column][vc_row_inner][vc_column_inner inner_col_bg_repeat=&#8221;no-repeat&#8221; inner_col_bg_size=&#8221;cover&#8221; inner_col_bg_position=&#8221;center_center&#8221; css=&#8221;.vc_custom_1533624023841{margin-bottom: -1px !important;padding-top: 300px !important;background-image: url(https:\/\/tzmining.cl\/wp-content\/uploads\/2018\/08\/Fotolia_50975414_Subscription_XL.jpg?id=2449) !important;}&#8221; offset=&#8221;vc_hidden-lg vc_hidden-md&#8221;][\/vc_column_inner][\/vc_row_inner][vc_row_inner disable_element=&#8221;yes&#8221; css=&#8221;.vc_custom_1542811994280{background-image: url(https:\/\/tzmining.cl\/wp-content\/uploads\/2018\/08\/s190379054-360.jpg?id=2553) !important;}&#8221;][vc_column_inner offset=&#8221;vc_col-md-8&#8243; css=&#8221;.vc_custom_1531830468374{padding-top: 0px !important;padding-bottom: 0px !important;}&#8221;][\/vc_column_inner][vc_column_inner offset=&#8221;vc_col-md-4&#8243; css=&#8221;.vc_custom_1534310053280{padding-top: 10px !important;padding-bottom: 10px !important;background-color: rgba(0,0,0,0.8) !important;*background-color: rgb(0,0,0) !important;}&#8221;][\/vc_column_inner][\/vc_row_inner][\/vc_column][\/vc_row][vc_row full_width=&#8221;stretch_row&#8221; equal_height=&#8221;yes&#8221; bg_cws_repeat=&#8221;no-repeat&#8221; bg_cws_size=&#8221;cover&#8221; bg_image_position=&#8221;center_bottom&#8221; bg_cws_color=&#8221;color&#8221; cws_overlay_color=&#8221;rgba(0,0,0,0.6)&#8221; css=&#8221;.vc_custom_1534165263662{padding-top: 60px !important;padding-bottom: 80px !important;background-image: url(https:\/\/tzmining.cl\/wp-content\/uploads\/2018\/08\/gray_51437565.jpg?id=2513) !important;}&#8221;][vc_column][\/vc_column][\/vc_row]<\/p>\n","protected":false},"author":1,"featured_media":0,"parent":0,"menu_order":0,"comment_status":"closed","ping_status":"closed","template":"","meta":[],"_links":{"self":[{"href":"https:\/\/tzmining.cl\/index.php\/wp-json\/wp\/v2\/pages\/3950"}],"collection":[{"href":"https:\/\/tzmining.cl\/index.php\/wp-json\/wp\/v2\/pages"}],"about":[{"href":"https:\/\/tzmining.cl\/index.php\/wp-json\/wp\/v2\/types\/page"}],"author":[{"embeddable":true,"href":"https:\/\/tzmining.cl\/index.php\/wp-json\/wp\/v2\/users\/1"}],"replies":[{"embeddable":true,"href":"https:\/\/tzmining.cl\/index.php\/wp-json\/wp\/v2\/comments?post=3950"}],"version-history":[{"count":10,"href":"https:\/\/tzmining.cl\/index.php\/wp-json\/wp\/v2\/pages\/3950\/revisions"}],"predecessor-version":[{"id":4045,"href":"https:\/\/tzmining.cl\/index.php\/wp-json\/wp\/v2\/pages\/3950\/revisions\/4045"}],"wp:attachment":[{"href":"https:\/\/tzmining.cl\/index.php\/wp-json\/wp\/v2\/media?parent=3950"}],"curies":[{"name":"wp","href":"https:\/\/api.w.org\/{rel}","templated":true}]}}